{"id":1411,"date":"2024-03-23T18:27:23","date_gmt":"2024-03-23T17:27:23","guid":{"rendered":"https:\/\/zero-wendland.de\/?page_id=1411"},"modified":"2024-03-23T18:34:23","modified_gmt":"2024-03-23T17:34:23","slug":"umgekehrt","status":"publish","type":"page","link":"https:\/\/zero-wendland.de\/?page_id=1411","title":{"rendered":"Umgekehrt!"},"content":{"rendered":"\n<p class=\"has-large-font-size\">Katharina K\u00f6rting ist beeindruckt von Alice Weidels kom\u00f6diantischen F\u00e4higkeiten.<\/p>\n\n\n\n<p>Man m\u00fcsse die AfD politisch bek\u00e4mpfen, hat der Bundeskanzler vern\u00fcnftigerweise erkannt, man m\u00fcsse sie inhaltlich stellen. Nur: Wie macht man das, wenn deren Aussagen bar jeden Inhalts und fern von Vernunft oder politischem Gehalt sind?<br>Neulich im Bundestag beweist AfD-Chefin Alice Weidel eindrucksvoll, da\u00df sie nunmehr nicht nur das dramatische, sondern auch das kom\u00f6diantische Fach beherrscht \u0096 ohne das derweil selbst zu bemerken. Ihr Schmierentheater wirkt, als sei sie dem wei\u00dfen Kaninchen zu tief<br>in den Bau gefolgt: Sie sieht bei anderen mangelnde Ernsthaftigkeit, behauptet, die andere Seite sei rationalen Argumenten nicht zug\u00e4nglich,<br>w\u00e4hrend sie selbst die absurdesten Dinge von sich gibt. Manchmal heben sich ihre donnergrollenden Augenlider, manchmal zucken ihre ver\u00e4chtlichen Mundwinkel, scheinen feixen zu wollen wie die Grinsekatze im Wunderland, doch die AfD-Frau ist ein Muster an Selbstbeherrschung: Ihr Gesichtsausdruck bleibt herrenreiterisch ernst.<br>\u0084&#8220;Sie k\u00f6nnen Deutschland nicht gut regieren&#8220;\u0093, h\u00e4lt sie der Ampel vor, \u0084&#8220;und Sie wollen es nicht&#8220;\u0093. Mit der \u00fcblichen, seltsam beleidigten Apokalyptik in der Stimme dr\u00f6hnt es: \u0084&#8220;Sie richten es zugrunde, und ich wei\u00df auch, warum &#8230;&#8220; \u0085\u0093 \u0096 Kunstpause \u0084weil Sie Ihr eigenes Land, weil Sie Deutschland hassen!\u0093 Das h von \u0084hassen\u0093 holt sie tief aus dem Bauch, es klingt fast wie ein \u0084ch\u0093, als w\u00e4re das h allein zu hauchig schwach. Und das ist dann auch der Satz, der in den Nachrichten und den asozialen Medien verbreitet wird, zumal sie ihn zur Sicherheit verst\u00e4rkend wiederholt: \u0084&#8220;Diese Regierung ch-asst Deutschland.&#8220; Man ist \u00fcberrumpelt, lacht verbl\u00fcfft auf das kann sie doch nicht ernst meinen?<br>Und deshalb f\u00e4llt einem wenig ein, wie einem inhaltlich so v\u00f6llig aus der Luft gegriffenen und sich rationalen Argumenten entziehenden Vorwurf zu begegnen w\u00e4re. Denn was soll das hei\u00dfen? Wie kann man etwas so Abstraktes wie ein Land hassen? Oder eine Partei? Auf den Demokratie-Demos wird gern der Ha\u00df auf die AfD skandiert, aber das wirkt jedes Mal t\u00fcckisch unlogisch. \u0084&#8220;Ich liebe keine Staaten&#8220;\u0093, hatte Bundespr\u00e4sident Gustav Heinemann auf die Frage, ob er Deutschland liebe, einst geantwortet, &#8222;\u0084ich liebe nur meine Frau&#8220;\u0093.<br>Auch ihm h\u00e4tte Weidel wohl mindestens fehlende Vaterlandsliebe vorgeworfen, doch tats\u00e4chlich ist es \u0096 wie stets in der AfD-Rhetorik \u0096<br>umgekehrt. Nicht die Regierung nimmt den Deutschen die Heimat weg \u0096 die AfD ist es, die sie zerst\u00f6ren will. Nicht die AfD ist Opfer von Hetze, sondern deren Politiker hetzen. Nicht die demokratische Regierung ha\u00dft Deutschland, sondern die AfD verbreitet in grandioser, auch selbstzerst\u00f6rerischer Unvernunft Ha\u00df auf das demokratische Deutschland.<br>Gef\u00fchle wirken st\u00e4rker als Vernunft, der h\u00f6lzerne Kanzlersprech kommt kaum dagegen an, und Ha\u00df ist eines der st\u00e4rksten Gef\u00fchle. Wie l\u00e4\u00dft sich Ha\u00df politisch bek\u00e4mpfen? Mit Liebe?<\/p>\n","protected":false},"excerpt":{"rendered":"<p>Katharina K\u00f6rting ist beeindruckt von Alice Weidels kom\u00f6diantischen F\u00e4higkeiten. Man m\u00fcsse die AfD politisch bek\u00e4mpfen, hat der Bundeskanzler vern\u00fcnftigerweise erkannt, man m\u00fcsse sie inhaltlich stellen. Nur: Wie macht man das, wenn deren Aussagen bar jeden Inhalts und fern von Vernunft oder politischem Gehalt sind?Neulich im Bundestag beweist AfD-Chefin Alice Weidel eindrucksvoll, da\u00df sie nunmehr nicht [&hellip;]<\/p>\n","protected":false},"author":1,"featured_media":0,"parent":0,"menu_order":0,"comment_status":"closed","ping_status":"closed","template":"","meta":{"footnotes":""},"class_list":["post-1411","page","type-page","status-publish","hentry"],"_links":{"self":[{"href":"https:\/\/zero-wendland.de\/index.php?rest_route=\/wp\/v2\/pages\/1411","targetHints":{"allow":["GET"]}}],"collection":[{"href":"https:\/\/zero-wendland.de\/index.php?rest_route=\/wp\/v2\/pages"}],"about":[{"href":"https:\/\/zero-wendland.de\/index.php?rest_route=\/wp\/v2\/types\/page"}],"author":[{"embeddable":true,"href":"https:\/\/zero-wendland.de\/index.php?rest_route=\/wp\/v2\/users\/1"}],"replies":[{"embeddable":true,"href":"https:\/\/zero-wendland.de\/index.php?rest_route=%2Fwp%2Fv2%2Fcomments&post=1411"}],"version-history":[{"count":5,"href":"https:\/\/zero-wendland.de\/index.php?rest_route=\/wp\/v2\/pages\/1411\/revisions"}],"predecessor-version":[{"id":1418,"href":"https:\/\/zero-wendland.de\/index.php?rest_route=\/wp\/v2\/pages\/1411\/revisions\/1418"}],"wp:attachment":[{"href":"https:\/\/zero-wendland.de\/index.php?rest_route=%2Fwp%2Fv2%2Fmedia&parent=1411"}],"curies":[{"name":"wp","href":"https:\/\/api.w.org\/{rel}","templated":true}]}}