{"id":1698,"date":"2024-06-28T12:40:40","date_gmt":"2024-06-28T10:40:40","guid":{"rendered":"https:\/\/zero-wendland.de\/?page_id=1698"},"modified":"2024-06-28T12:41:29","modified_gmt":"2024-06-28T10:41:29","slug":"die-vermessung-des-menschen","status":"publish","type":"page","link":"https:\/\/zero-wendland.de\/?page_id=1698","title":{"rendered":"Die Vermessung des Menschen"},"content":{"rendered":"\n<p><strong>Katharina K\u00f6rting \u00fcber Einsamkeit und wie die Hatz nach Profit sie produziert<\/strong><\/p>\n\n\n\n<p>Es gibt Demokratiebarometer, Gl\u00fccksbarometer, Stimmungsbarometer, Inflationsbarometer, Beziehungsbarometer. Und nun halt auch Einsamkeitsbarometer. Klingt \u0096 wie jede scheinbar aufgekl\u00e4rte \u0084Dummheit des gesunden Menschenverstandes\u0093 (Adorno) \u0096 unangreifbar objektiv. Als w\u00e4re Einsamkeit me\u00dfbar, sodann korrigierbar, nach oben oder unten, man mu\u00df nur ein bi\u00dfchen drehen, damit die Zahlen stimmen. Aber welche Zahlen? Tragen nicht gerade sie zur Verdinglichung und Entfremdung bei? Ist nicht die Fixierung aufs Messen und Z\u00e4hlen eine der Ursachen f\u00fcr Vereinsamung? Weil nicht der ganze Mensch, das Tier, der Baum, das Miteinander z\u00e4hlt, sondern Verwertbarkeit? Alles wird zur Ressource (es gibt das Wort \u0084Humankapital), wer keine Leistung bringt, z\u00e4hlt nicht, und wer nicht z\u00e4hlt, wird einsam. Versagen ist das Einsamste, was es gibt.<br><br>Erstmals liege \u0084eine umfassende Analyse des Einsamkeitserlebens in Deutschland vor\u0093, prahlt Bundesfamilienministerin Lisa Paus (Gr\u00fcne), die mitunter auch ein wenig einsam wirkt, dies jedoch, wie alle Einsamen, niemals zugeben w\u00fcrde, sondern effizient und \u00fcberlegen dagegen anl\u00e4chelt. Einsam darf man immer nur gewesen sein, nach einer schlechten  Phase\u0093, erst wenn die \u0084Einsamkeitsbelastung\u0093 erfolgreich \u00fcberwunden ist, darf man davon sprechen, wenn man die \u0084Strategie gegen Einsamkeit\u0093 gefunden hat und bestenfalls das \u0084Kompetenznetz Einsamkeit kennt. Und weil Aktion immer gut ist, gibt es ab dem 17. Juni eine Aktionswoche mit dem lieblichen Namen \u0084Gemeinsam aus der Einsamkeit\u0093.<br><br>Statt immer mehr Zahlen und Psychogerede w\u00fcnscht man sich den guten alten dialektischen Materialismus zur\u00fcck, der war wenigstens ehrlich, und man mu\u00df daf\u00fcr auch keine Uni von innen gesehen haben, mu\u00df nur gucken, was ist: erst kommt das Fressen, dann die Moral, und den Widerspruch dazwischen aushalten. L\u00e4ngst breiten sich technizistisches Denken und Vernaturwissenschaftlichung der Welt \u00e4hnlich unaufhaltsam aus wie die Einsamkeit, die man Volkskrankheit\u0093 nennt, ja, Epidemie. Bei der Bek\u00e4mpfung\u0093 hinke Deutschland hinterher, hei\u00dft es. Laut Einsamkeitsbarometer sind junge Menschen, Alleinerziehende und Alte als &#8222;Risikogruppen&#8220;\u0093 besonders betroffen. Doch mit der Einsamkeit ist es wie mit anderen gesellschaftlich bedingten seelischen Versehrtheiten: Sie kommt nicht von allein, aber jede Einzelne meint, allein daf\u00fcr verantwortlich zu sein. Als m\u00fcsse sie sich einfach nur ein bi\u00dfchen mehr M\u00fche bei der \u0084Bek\u00e4mpfung\u0093 der Einsamkeit geben. Dabei ist Einsamkeit keine durch seelischsoziale Fitness\u0093 vermeidbare Krankheit, sondern eine Falle, die sich anfangs \u0096 wie eine Droge als Probleml\u00f6sung verkleidet und erst dann als Sackgasse outet, wenn man l\u00e4ngst in ihr feststeckt. Anders als modische \u0084St\u00f6rungen\u0093 wie ADHS oder fr\u00f6hlicher Alkoholismus ist \u0084einsam\u0093 nichts, mit dem man hausieren geht \u0096 erstens, weil man die Kraft gar nicht h\u00e4tte, zweitens, weil man sich sch\u00e4mt und drittens, weil man gar nicht w\u00fc\u00dfte, bei wem.<br><br>Das Familienministerium erweckt den  Eindruck, man k\u00f6nne \u0084effektiv\u0093 gegen Einsamkeit \u0084handeln\u0093, ohne radikal nach den Ursachen zu fragen. M\u00fc\u00dfte man nicht als erstes das Vereinsamung produzierende und zugleich von ihr zehrende Internet abschalten? Dann den Kapitalismus verbieten mit seinem zerst\u00f6rerischen Erfolgsdruck, seinem als \u0084Wettbewerb\u0093 verbr\u00e4mten Kampf aller gegen alle, seiner in alle Gehirnwindungen eingeschraubten Angst vorm Versagen, Hyperselbstoptimierung und galoppierenden Ausbeutung, als k\u00f6nnte man Lebewesen wie Maschinen tunen, einstellen, reparieren, benutzen, durch KI ersetzen und auf den M\u00fcll werfen?<br><br>Wom\u00f6glich ist Einsamkeit, frei nach Brecht, die Antwort auf Verh\u00e4ltnisse, die nicht gemeinsam sind, sondern vereinzelnd. Oder warum zieht sich rund ein Drittel der Menschen inein beziehungsvermeidendes, versch\u00e4mt stilles Ungl\u00fcck zur\u00fcck, in dem sie m\u00f6glichst lange unauff\u00e4llig weiterfunktionieren und zumindest \u00e4u\u00dferlich den Anforderungen anderer gen\u00fcgen, um nur ja nicht zu st\u00f6ren? Wohl kaum, weil es noch kein Einsamkeitsministerium gibt.<\/p>\n","protected":false},"excerpt":{"rendered":"<p>Katharina K\u00f6rting \u00fcber Einsamkeit und wie die Hatz nach Profit sie produziert Es gibt Demokratiebarometer, Gl\u00fccksbarometer, Stimmungsbarometer, Inflationsbarometer, Beziehungsbarometer. Und nun halt auch Einsamkeitsbarometer. Klingt \u0096 wie jede scheinbar aufgekl\u00e4rte \u0084Dummheit des gesunden Menschenverstandes\u0093 (Adorno) \u0096 unangreifbar objektiv. Als w\u00e4re Einsamkeit me\u00dfbar, sodann korrigierbar, nach oben oder unten, man mu\u00df nur ein bi\u00dfchen drehen, damit [&hellip;]<\/p>\n","protected":false},"author":1,"featured_media":0,"parent":0,"menu_order":0,"comment_status":"closed","ping_status":"closed","template":"","meta":{"footnotes":""},"class_list":["post-1698","page","type-page","status-publish","hentry"],"_links":{"self":[{"href":"https:\/\/zero-wendland.de\/index.php?rest_route=\/wp\/v2\/pages\/1698","targetHints":{"allow":["GET"]}}],"collection":[{"href":"https:\/\/zero-wendland.de\/index.php?rest_route=\/wp\/v2\/pages"}],"about":[{"href":"https:\/\/zero-wendland.de\/index.php?rest_route=\/wp\/v2\/types\/page"}],"author":[{"embeddable":true,"href":"https:\/\/zero-wendland.de\/index.php?rest_route=\/wp\/v2\/users\/1"}],"replies":[{"embeddable":true,"href":"https:\/\/zero-wendland.de\/index.php?rest_route=%2Fwp%2Fv2%2Fcomments&post=1698"}],"version-history":[{"count":2,"href":"https:\/\/zero-wendland.de\/index.php?rest_route=\/wp\/v2\/pages\/1698\/revisions"}],"predecessor-version":[{"id":1701,"href":"https:\/\/zero-wendland.de\/index.php?rest_route=\/wp\/v2\/pages\/1698\/revisions\/1701"}],"wp:attachment":[{"href":"https:\/\/zero-wendland.de\/index.php?rest_route=%2Fwp%2Fv2%2Fmedia&parent=1698"}],"curies":[{"name":"wp","href":"https:\/\/api.w.org\/{rel}","templated":true}]}}