{"id":2012,"date":"2024-11-24T12:50:41","date_gmt":"2024-11-24T11:50:41","guid":{"rendered":"https:\/\/zero-wendland.de\/?page_id=2012"},"modified":"2024-11-24T12:50:41","modified_gmt":"2024-11-24T11:50:41","slug":"zwei-auf-eins","status":"publish","type":"page","link":"https:\/\/zero-wendland.de\/?page_id=2012","title":{"rendered":"Zwei auf Eins"},"content":{"rendered":"\n<p><strong>Sabine Hen\u00dfen hat was f\u00fcr Sonntag fr\u00fch<\/strong><\/p>\n\n\n\n<p>Wen bereits Sonntag fr\u00fch die Montagsdepression anf\u00e4llt, dem sei Ablenkung versprochen. Auch das laute Schweigen am Fr\u00fchst\u00fcckstisch und sich davor hinter der l\u00e4ngst ausgelesenen EJZ verstecken Schlu\u00df damit!: \u0084Zwei auf Eins\u0093 erledigen schlagartig den keimenden Wochenanfangsblues. Die beiden \u0096 das ist durchaus liebevoll gemeint Spacken verschreiben sich ab 9 Uhr in ihrer dreist\u00fcndigen Sendung auf radioeins\u0093 (ein Sender des RBB) einem Thema. Und das mit Haut und Haaren, tabu- und kompromi\u00dflos, beleuchten es \u0096 auch aus den abwegigsten Blickwinkeln.<br>Zwei Mann, ein Thema. Zum Beispiel Glas: Wie kommen Glasperlen auf den Mond? Wollten die Apollo-Astronauten preiswert Handel treiben mit Aliens? Professor Ulrich K\u00f6hler mu\u00df ran am Sonntag, der Planetengeologe vom Deutschen Zentrum f\u00fcr Luft- und Raumfahrt kl\u00e4rt die Zuh\u00f6rer im Telefoninterview dar\u00fcber auf, wie es Glasperlen in den Mondstaub geschafft haben. Er empfiehlt, auch Hesses  Glasperlenspiel\u0093 zu lesen. Und verweist auf Elon Musk, der ja selbst noch nie oben war, wie die Moderatoren s\u00fcffisant bemerken, und seine Tr\u00e4gerrakete. Auf den Mond schie\u00dfen, den Mann, und dort lassen, finden Sven Oswald und Daniel Finger. Die Moderatoren liefern. Geben einander Steilvorlagen. Der Witz sitzt, kein Fremdsch \u00e4men. Und der Humor scheint sich auf die Interviewten zu \u00fcbertragen. Wir h\u00f6ren Interviews mit Menschen, die zu unterhalten und zu informieren wissen, schlicht: die etwas zu sagen haben.<br> Mit kabarettistischen Einspielern von Horst Evers, der ebenfalls zum humoristischen Stammpersonal von \u0084radioeins\u0093 z\u00e4hlt, und musikalischen Intermezzi, die weit entfernt sind von bratenduftender Sonntagsseligkeit, sitzen wir immer noch am Fr\u00fchst\u00fcckstisch, wo die Butter die Form verliert und die Wurst bereits die R\u00e4nder hochkrempelt. Egal. Man ist bei Murmeln angelangt, und wie die h\u00fcbschen, bunten Einsprengsel da reinkommen. Dazu wei\u00df J\u00fcrgen M\u00fcller-Blech von der Lauscha Glaskunst-Vereinigung\u0093 in original th\u00fcringischem Idiom alles zu beantworten, was Oswald und Finger im Kreuzverh\u00f6r aus ihm herauskitzeln, sie fragen umfassend, waren sie doch beide selbst frenetisch Murmelnde als Kind. Und, weil sie neben dem Glaskunst- auch den medizinischen Aspekt in Lauscha ber\u00fchren: die n\u00e4chste Facette zum Thema Glas leitet Dr. Magnus Heier ein, Medizinjournalist und eigentlich immer sonntags auf Sendung. Heier, auch als praktizierender Arzt unterwegs, referiert heute zum Thema Glasaugen. Warum nicht aus Holz oder Stein, fragen die Zwei, Glas sei doch schwer und kalt. Das \u00e4lteste vor etwa 4 000 Jahren war aus Teer und Tierfett, pariert Heier. Und wir ahnen: eine unterlegene Technik. Im 17. Jahrhundert dann wurden in Venedig Glasaugen zun\u00e4chst f\u00fcr Statuen hergestellt. Heute gehe man zu Okulark\u00fcnstlern, die machen das Glasauge perfekt. Tats\u00e4chlich sei aber der 3-D-Drucker auf dem Vormarsch, auch weil es schneller gehe.<br>Wie bewegt sich das Auge, will Oswald wissen. Da sei auch Muskulatur, so Heier, zudem sei es nicht kugelrund, eher abgef lacht. Mit Glasaugen verl\u00f6re man also beim Murmelspielen, res\u00fcmiert das Moderatorengespann. F\u00fcr die, die jetzt rufen FFN Fr\u00fchstyxradio\u0093: \u0084Zwei auf Eins\u0093 bieten weniger Anarchie, mehr Information, aber anarchisch pr\u00e4sentiert. Ein n\u00e4chstes Thema k\u00f6nnte Beitrag hei\u00dfen. Eine Facette Rundfunkbeitrag: Gern, sehr gern f\u00fcr Programme wie dieses. An die Kommission, die bald Sender streichen wird: H\u00e4nde weg von den beiden Spacken! \u0084Zwei auf Eins\u0093 mit Daniel Finger und Sven Oswald, sonntags, 9 bis 12 Uhr, auf \u0084radioeins\u0093. Sendungen sind nachzuh\u00f6ren auf: https:\/\/www.radioeins.de\/programm\/sendungen\/ zwei_auf_eins\/archiv.html<\/p>\n","protected":false},"excerpt":{"rendered":"<p>Sabine Hen\u00dfen hat was f\u00fcr Sonntag fr\u00fch Wen bereits Sonntag fr\u00fch die Montagsdepression anf\u00e4llt, dem sei Ablenkung versprochen. Auch das laute Schweigen am Fr\u00fchst\u00fcckstisch und sich davor hinter der l\u00e4ngst ausgelesenen EJZ verstecken Schlu\u00df damit!: \u0084Zwei auf Eins\u0093 erledigen schlagartig den keimenden Wochenanfangsblues. Die beiden \u0096 das ist durchaus liebevoll gemeint Spacken verschreiben sich ab [&hellip;]<\/p>\n","protected":false},"author":1,"featured_media":0,"parent":0,"menu_order":0,"comment_status":"closed","ping_status":"closed","template":"","meta":{"footnotes":""},"class_list":["post-2012","page","type-page","status-publish","hentry"],"_links":{"self":[{"href":"https:\/\/zero-wendland.de\/index.php?rest_route=\/wp\/v2\/pages\/2012","targetHints":{"allow":["GET"]}}],"collection":[{"href":"https:\/\/zero-wendland.de\/index.php?rest_route=\/wp\/v2\/pages"}],"about":[{"href":"https:\/\/zero-wendland.de\/index.php?rest_route=\/wp\/v2\/types\/page"}],"author":[{"embeddable":true,"href":"https:\/\/zero-wendland.de\/index.php?rest_route=\/wp\/v2\/users\/1"}],"replies":[{"embeddable":true,"href":"https:\/\/zero-wendland.de\/index.php?rest_route=%2Fwp%2Fv2%2Fcomments&post=2012"}],"version-history":[{"count":2,"href":"https:\/\/zero-wendland.de\/index.php?rest_route=\/wp\/v2\/pages\/2012\/revisions"}],"predecessor-version":[{"id":2014,"href":"https:\/\/zero-wendland.de\/index.php?rest_route=\/wp\/v2\/pages\/2012\/revisions\/2014"}],"wp:attachment":[{"href":"https:\/\/zero-wendland.de\/index.php?rest_route=%2Fwp%2Fv2%2Fmedia&parent=2012"}],"curies":[{"name":"wp","href":"https:\/\/api.w.org\/{rel}","templated":true}]}}