{"id":2123,"date":"2025-02-20T13:31:08","date_gmt":"2025-02-20T12:31:08","guid":{"rendered":"https:\/\/zero-wendland.de\/?page_id=2123"},"modified":"2025-02-20T13:31:08","modified_gmt":"2025-02-20T12:31:08","slug":"pippi-langstrumpf","status":"publish","type":"page","link":"https:\/\/zero-wendland.de\/?page_id=2123","title":{"rendered":"Pippi Langstrumpf"},"content":{"rendered":"\n<p>Liebe zero Leser, jedes Kind, das ich kannte, als ich selbst noch eines war, liebte sie. Und zwar abg\u00f6ttisch und ausnahmslos selbst Erwachsene, besonders die, die sich ganz fraglos f\u00fcr den definitiven Gegenentwurf zum Spie\u00dfb\u00fcrger hielten. Ich selbst stand der selbstgef\u00e4lligen G\u00f6re mit den albern abstehenden Z\u00f6pfen eher skeptisch gegen\u00fcber \u0096 und war damit verdammt allein. Denn \u0084&#8220;Wie frei!&#8220;\u0093, frohlockten die Sozialp\u00e4dagogen, wie anarchisch! Wie Nur-dem-eigenen-Kompass-folgend!\u0093 Mittlerweile sehen viele (nicht l\u00e4nger nur ich), was dieser Satansbraten, produziert von Astrid Lindgren, in Gang gesetzt hat. Die Rede ist von Pippi Langstrumpf, ihrem durch Beruhigungsmittel so sanftm\u00fctig und mit Haarf\u00e4rbemitteln fleckig gemachten Pferd &#8222;Kleiner Onkel\u0093&#8220; und diesem d\u00e4mlichen, ihr auf der Schulter festgebundenen Totenkopf\u00e4ffchen &#8222;Herr Nilsson&#8220;\u0093. Denn nun ist passiert, was ich lange bef\u00fcrchtet habe: Pippi Langstrumpf ist Pr\u00e4sident der Vereinigten Staaten von Amerika und kreischt wie eh und je: &#8222;\u00842 mal 3 macht 4. Widdewiddewitt und Drei macht Neune!! Ich mach\u2019 mir die Welt, Widdewidde wie sie mir gef\u00e4llt&#8220;!\u0093 Das ist der fr\u00f6hlich nach Gr\u00f6nland und Gaza ziehende Trump, mit dem Pippi nicht nur die \u00e4hnlich affige Frisur und die Haarfarbe teilt (dabei wei\u00df jeder: Orange tr\u00e4gt nur die M\u00fcllabfuhr!). Elon Musk, der seine Marsrakete leider nicht pers\u00f6nlich fliegt, spielt Herrn Nilsson, der bei den Dreharbeiten, sobald ihm Strickpullover und Strohhut angelegt wurden, Angst kriegte, w\u00fctend wurde und biss, pinkelte und schiss, was das Zeug hielt, sodass st\u00e4ndige Kost\u00fcmwechsel n\u00f6tig waren. F\u00fcr ein Kind mag das Langstrumpf-Verhalten ja bisweilen noch ganz lustig und liebenswert sein. Aber Pippi als 78j\u00e4hriger? So hat diese Bibelfigur, die f\u00fcr viele Gottes Sohn ist, seinen wahrscheinlich besten Spruch \u0084Werdet wie die Kinder!\u0093 nicht gemeint. Aber das eigentliche Problem ist ein anderes: Trump wird geliebt wie dereinst Pippi \u0096 nicht nur in den USA! Trotzdem freue ich mich auf Musk in Strickpullover und Strohhut.<br><em>Einen m\u00f6glichst unorangenen M\u00e4rz w\u00fcnscht Ihnen, Euch und sich<br>Karl-Heinz Farni<\/em><\/p>\n","protected":false},"excerpt":{"rendered":"<p>Liebe zero Leser, jedes Kind, das ich kannte, als ich selbst noch eines war, liebte sie. Und zwar abg\u00f6ttisch und ausnahmslos selbst Erwachsene, besonders die, die sich ganz fraglos f\u00fcr den definitiven Gegenentwurf zum Spie\u00dfb\u00fcrger hielten. Ich selbst stand der selbstgef\u00e4lligen G\u00f6re mit den albern abstehenden Z\u00f6pfen eher skeptisch gegen\u00fcber \u0096 und war damit verdammt [&hellip;]<\/p>\n","protected":false},"author":1,"featured_media":0,"parent":0,"menu_order":0,"comment_status":"closed","ping_status":"closed","template":"","meta":{"footnotes":""},"class_list":["post-2123","page","type-page","status-publish","hentry"],"_links":{"self":[{"href":"https:\/\/zero-wendland.de\/index.php?rest_route=\/wp\/v2\/pages\/2123","targetHints":{"allow":["GET"]}}],"collection":[{"href":"https:\/\/zero-wendland.de\/index.php?rest_route=\/wp\/v2\/pages"}],"about":[{"href":"https:\/\/zero-wendland.de\/index.php?rest_route=\/wp\/v2\/types\/page"}],"author":[{"embeddable":true,"href":"https:\/\/zero-wendland.de\/index.php?rest_route=\/wp\/v2\/users\/1"}],"replies":[{"embeddable":true,"href":"https:\/\/zero-wendland.de\/index.php?rest_route=%2Fwp%2Fv2%2Fcomments&post=2123"}],"version-history":[{"count":2,"href":"https:\/\/zero-wendland.de\/index.php?rest_route=\/wp\/v2\/pages\/2123\/revisions"}],"predecessor-version":[{"id":2125,"href":"https:\/\/zero-wendland.de\/index.php?rest_route=\/wp\/v2\/pages\/2123\/revisions\/2125"}],"wp:attachment":[{"href":"https:\/\/zero-wendland.de\/index.php?rest_route=%2Fwp%2Fv2%2Fmedia&parent=2123"}],"curies":[{"name":"wp","href":"https:\/\/api.w.org\/{rel}","templated":true}]}}