{"id":2386,"date":"2025-06-23T17:24:31","date_gmt":"2025-06-23T15:24:31","guid":{"rendered":"https:\/\/zero-wendland.de\/?page_id=2386"},"modified":"2025-06-23T17:40:58","modified_gmt":"2025-06-23T15:40:58","slug":"laesst-sichdummheit-verbieten","status":"publish","type":"page","link":"https:\/\/zero-wendland.de\/?page_id=2386","title":{"rendered":"L\u00c4SST SICH DUMMHEIT VERBIETEN?"},"content":{"rendered":"\n<p>Liebe zero-Leser,<br>ob die AfD rechtsextremistisch ist, steht l\u00e4ngst nicht mehr in Frage. Sie ist anerkannterma\u00dfen faschistisch. Und dem Faschismus wohnen Rassismus und Menschenfeindlichkeit programmatisch inne. Nun ist die Vorstellung verlockend, diesen Verein zur F\u00f6rderung des Hasses e. V. einfach zu verbieten. Da ist jedoch die Frage, ob das gelingt \u0096 und die Gefahr, der AfD noch st\u00e4rker als bisher den Opferorden umzuh\u00e4ngen; Opfer\u0093 sind beliebt, Opfer\u0093 werden unterst\u00fctzt, \u0084Opfer\u0093 d\u00fcrfen alles; sind ja schlie\u00dflich Opfer\u0093. Aber das gr\u00f6\u00dfte Problem: dieser Hasskappenclub besteht ja (auch wenn man manchmal ins Zweifeln kommt) aus Menschen. Und die k\u00f6nnen jederzeit einen neuen Verein aufmachen. Auch lassen sich Menschen ebensowenig verbieten wie Dummheit. Damit sind wir bei den W\u00e4hlern der AfD, die mittlerweile knapp ein Viertel der Bev\u00f6lkerung stellen. Die lassen sich schon gar nicht verbieten. Zumal das Potential noch gr\u00f6\u00dfer ist. Unter der scheinliberalen Oberfl\u00e4che sehr vieler Deutscher glomm schon immer, nie ganz erloschen, eine Art Standby-Faschismus, eine unstillbare Sehnsucht nach dem F\u00fchrer oder der F\u00fchrerin (zur Not auch mit Sternchen), der die das uns von allem \u00dcbel befreit. Erlischt das pl\u00f6tzlich, wenn die AfD verboten wird? Mord ist verboten. Diebstahl und Vergewaltigung auch. Trotzdem wird gemordet, vergewaltigt und gestohlen. Ich halte nichts von einem Verbotsverfahren gegen die AfD. Das w\u00fcrde es auch jedem einzelnen von uns ein bisschen zu leicht machen, denn stattdessen ist jeder von uns gefordert, nicht zu schweigen, wenn Faschistisches im Alltag geschieht \u0096 auch im eigenen Inneren. Wie oft geht der \u0084normale B\u00fcrger\u0093 weiter, wenn neben ihm Rassismus stattfindet? Ich erinnere mich, als ein junger Faschist vor Jahren in der Clenzer Badse f\u00fcr alle seh- und h\u00f6rbar, einen zehnj\u00e4hrigen Roma-Jungen als \u0084Zigeuner-Balg\u0093 beleidigte und keiner der G\u00e4ste dagegen einschritt. Einige grinsten sogar. Darum geht\u0092s. Jetzt hei\u00dft es: Farbe bekennen statt verbieten!<br>Einen guten Sommer w\u00fcnscht Ihnen, Euch und sich<br>Karl-Heinz Farni<\/p>\n","protected":false},"excerpt":{"rendered":"<p>Liebe zero-Leser,ob die AfD rechtsextremistisch ist, steht l\u00e4ngst nicht mehr in Frage. Sie ist anerkannterma\u00dfen faschistisch. Und dem Faschismus wohnen Rassismus und Menschenfeindlichkeit programmatisch inne. Nun ist die Vorstellung verlockend, diesen Verein zur F\u00f6rderung des Hasses e. V. einfach zu verbieten. Da ist jedoch die Frage, ob das gelingt \u0096 und die Gefahr, der AfD [&hellip;]<\/p>\n","protected":false},"author":1,"featured_media":0,"parent":0,"menu_order":0,"comment_status":"closed","ping_status":"closed","template":"","meta":{"footnotes":""},"class_list":["post-2386","page","type-page","status-publish","hentry"],"_links":{"self":[{"href":"https:\/\/zero-wendland.de\/index.php?rest_route=\/wp\/v2\/pages\/2386","targetHints":{"allow":["GET"]}}],"collection":[{"href":"https:\/\/zero-wendland.de\/index.php?rest_route=\/wp\/v2\/pages"}],"about":[{"href":"https:\/\/zero-wendland.de\/index.php?rest_route=\/wp\/v2\/types\/page"}],"author":[{"embeddable":true,"href":"https:\/\/zero-wendland.de\/index.php?rest_route=\/wp\/v2\/users\/1"}],"replies":[{"embeddable":true,"href":"https:\/\/zero-wendland.de\/index.php?rest_route=%2Fwp%2Fv2%2Fcomments&post=2386"}],"version-history":[{"count":2,"href":"https:\/\/zero-wendland.de\/index.php?rest_route=\/wp\/v2\/pages\/2386\/revisions"}],"predecessor-version":[{"id":2443,"href":"https:\/\/zero-wendland.de\/index.php?rest_route=\/wp\/v2\/pages\/2386\/revisions\/2443"}],"wp:attachment":[{"href":"https:\/\/zero-wendland.de\/index.php?rest_route=%2Fwp%2Fv2%2Fmedia&parent=2386"}],"curies":[{"name":"wp","href":"https:\/\/api.w.org\/{rel}","templated":true}]}}