{"id":2532,"date":"2025-08-22T14:46:43","date_gmt":"2025-08-22T12:46:43","guid":{"rendered":"https:\/\/zero-wendland.de\/?page_id=2532"},"modified":"2025-08-22T14:50:26","modified_gmt":"2025-08-22T12:50:26","slug":"katastropheall-inclusive","status":"publish","type":"page","link":"https:\/\/zero-wendland.de\/?page_id=2532","title":{"rendered":"KATASTROPHEALL INCLUSIVE"},"content":{"rendered":"\n<p>Liebe zero-Leser, die Sache mit dem Apfelb\u00e4umchen hat sich erledigt. Nun gilt: Wenn morgen die Welt untergeht, mache ich heute noch \u0091ne Kreuzfahrt! Jeder wei\u00df, dass selbst Flugreisen, was Klimasch\u00e4dlichkeit anlangt, Kindergeburtstag gegen\u00fcber Kreuzfahrten sind. Aber man g\u00f6nnt sich ja sonst nichts. Der Kreuzfahrtmarkt hatte im Jahr 2022 ein Volumen von 7,67 Milliarden US-Dollar und soll bis 2030 auf \u00fcber 18 Milliarden steigen. Die Reeder kommen beim Bau der schwimmenden Kleinst\u00e4dte nicht an die Nachfrage ran. Aber soll\u0092s uns schlechter gehen als den Superreichen? W\u00e4hrend wir uns der Umwelt zuliebe Nasen und Augen an fixierten Flaschendeckeln zerkratzen, d\u00fcsen 100 Privatjets zu Jeff Bezos Hochzeit nach Venedig. Ist ja aber auch alles nicht so schlimm. An der Klimakatastrophe, das wissen wir von Beatrix von Storch, ist die Sonne schuld. Im \u00fcbrigen gibt es sie gar nicht. Sie wurde l\u00e4ngst mit wohlklingender Sprachkosmetik zum \u0084Klimawandel\u0093 und zur \u0084Erderw\u00e4rmung\u0093 sch\u00f6n geschminkt. Da nimmt man Politikerstuss wie &#8222;\u0084Der Kampf gegen den Klimawandel darf nicht auf Kosten des Wirtschaftswachstums gehen!&#8220; hin. Funktioniert aber nur mit Sprachkosmetik. Hie\u00dfe es: \u0084Der Kampf um die Bewohnbarkeit der Erde darf nicht auf Kosten des Wirtschaftswachstums gehen\u0093, so w\u00fcrde man stutzen. Und was tut unsere Regierung, die eigentlich Reagierung hei\u00dfen m\u00fc\u00dfte, weil sie sich von Trump und AfD am Nasenring durch die Manege ziehen l\u00e4\u00dft? Klima? Gottchen! Nach uns die Sintflut. Merz, S\u00f6der und Klingbeil machen den alten Unterw\u00e4sche-Werbesong zur Hymne: \u0084Wir pfeifen auf das Wetter und das Kliiiima!\u0093 Klimapolitik kommt in dieser Reagierung nicht mehr vor. Im Gegenteil: Vor Borkum wird nach Gas gebohrt, Neubau von Gaskraftwerken, und ein Landwirtschaftsminister, Metzgermeister, fordert \u00f6ffentlich, mehr Fleisch zu essen und mehr davon in Kinderg\u00e4rten zu servieren. Auch hier im Wendland wird gern von der Schwammstadt\u0093 geredet, aber der neue Dannenberger Edekamarkt (und nicht nur der)<br>versiegelt eine intakte Wiese, w\u00e4hrend das alte Geb\u00e4ude leer vor sich hingammelt.<br>Trotzdem nicht aufgeben, r\u00e4t Ihnen, Euch und sich<br>Karl-Heinz Farni<\/p>\n","protected":false},"excerpt":{"rendered":"<p>Liebe zero-Leser, die Sache mit dem Apfelb\u00e4umchen hat sich erledigt. Nun gilt: Wenn morgen die Welt untergeht, mache ich heute noch \u0091ne Kreuzfahrt! Jeder wei\u00df, dass selbst Flugreisen, was Klimasch\u00e4dlichkeit anlangt, Kindergeburtstag gegen\u00fcber Kreuzfahrten sind. Aber man g\u00f6nnt sich ja sonst nichts. Der Kreuzfahrtmarkt hatte im Jahr 2022 ein Volumen von 7,67 Milliarden US-Dollar und [&hellip;]<\/p>\n","protected":false},"author":1,"featured_media":0,"parent":0,"menu_order":0,"comment_status":"closed","ping_status":"closed","template":"","meta":{"footnotes":""},"class_list":["post-2532","page","type-page","status-publish","hentry"],"_links":{"self":[{"href":"https:\/\/zero-wendland.de\/index.php?rest_route=\/wp\/v2\/pages\/2532","targetHints":{"allow":["GET"]}}],"collection":[{"href":"https:\/\/zero-wendland.de\/index.php?rest_route=\/wp\/v2\/pages"}],"about":[{"href":"https:\/\/zero-wendland.de\/index.php?rest_route=\/wp\/v2\/types\/page"}],"author":[{"embeddable":true,"href":"https:\/\/zero-wendland.de\/index.php?rest_route=\/wp\/v2\/users\/1"}],"replies":[{"embeddable":true,"href":"https:\/\/zero-wendland.de\/index.php?rest_route=%2Fwp%2Fv2%2Fcomments&post=2532"}],"version-history":[{"count":4,"href":"https:\/\/zero-wendland.de\/index.php?rest_route=\/wp\/v2\/pages\/2532\/revisions"}],"predecessor-version":[{"id":2537,"href":"https:\/\/zero-wendland.de\/index.php?rest_route=\/wp\/v2\/pages\/2532\/revisions\/2537"}],"wp:attachment":[{"href":"https:\/\/zero-wendland.de\/index.php?rest_route=%2Fwp%2Fv2%2Fmedia&parent=2532"}],"curies":[{"name":"wp","href":"https:\/\/api.w.org\/{rel}","templated":true}]}}