{"id":2727,"date":"2025-11-24T12:48:52","date_gmt":"2025-11-24T11:48:52","guid":{"rendered":"https:\/\/zero-wendland.de\/?page_id=2727"},"modified":"2025-11-24T13:01:54","modified_gmt":"2025-11-24T12:01:54","slug":"make-schwachsinn-great-again","status":"publish","type":"page","link":"https:\/\/zero-wendland.de\/?page_id=2727","title":{"rendered":"MAKE SCHWACHSINN GREAT AGAIN!"},"content":{"rendered":"\n<p>Liebe zero-Leser, Kipp-Punkte werden \u00fcberschritten.<br>Korallenriffe sterben; mit ihnen Tausende Arten. Polkappen, Gletscher<br>und Permafrostb\u00f6den schmelzen. Unwiederbringlich.<br>&#8222;Natur&#8220;\u0093katastrophen werden zum Alltag. Inselstaaten ersaufen im Meer, w\u00e4hrend der zweitgr\u00f6\u00dfte Verursacher kurz vorm Abgrund<br>noch mal so richtig Gas gibt und den \u00d6lkonzernen \u0084&#8220;Drill, baby, drill!&#8220;\u0093 zukreischt. Das &#8222;1,5-Grad-Klimaziel&#8220;\u0093 (das Verheerung genug<br>anrichten w\u00fcrde) ist l\u00e4ngst abgehakt. Man geht jetzt von 2,8 Grad aus, was Leben in der heute gewohnten Form unm\u00f6glich machte. Das auch<br>schon bislang nur zaghafte Gegensteuern wird (&#8222;\u0084Das gef\u00e4hrdet unseren Wohlstand!\u0093&#8220;) weitgehend eingestellt. Es geht mehr und mehr, auch auf der Weltklimakonferenz, um Anpassung an die &#8222;\u0084Erw\u00e4rmung&#8220;\u0093 (ein sch\u00f6nes, geradezu kuscheliges Wort, gerade jetzt im Herbst). Menschen, Tiere und Pflanzen sollen sich gef\u00e4lligst nicht so anstellen und lieber lernen und Strategien entwickeln, mit Hitze, Hurrikans, \u00dcberschwemmungen und D\u00fcrren klarzukommen. Denn die Alternative w\u00e4re, das Goldene Kalb zu schlachten, unseren kleinen H\u00e4welmann rauszuschmei\u00dfen, den Mehrmehrmehr-Fetischismus aufzugeben und sich ein neues System auszudenken, das nicht auf endlosem Wachsen und blutiger Rivalit\u00e4t basiert. Endloswachstum funktioniert nicht, gibt\u0092s auf dem ganzen Planeten nicht \u0096 ausser vielleicht beim Krebs. Aber den Fetisch aufgeben? Eher gibt<br>Linus seine Schmusedecke her, und der Papst wird evangelisch. Jene, die bei uns als Elite gelten und uns regieren, machen sich lieber Gedanken, wie wir diesen Planeten noch gr\u00fcndlicher, noch effektiver, noch effizienter ausbeuten und zugrunde richten k\u00f6nnen, lassen allerorten gigantische, stromfressende Rechenzentren f\u00fcr \u0084&#8220;K\u00fcnstliche Intelligenz&#8220;\u0093 errichten, die zum Gro\u00dfteil verwendet wird, um &#8222;Nat\u00fcrliche Dummheit\u0093&#8220; zu f\u00f6rdern und Grundsch\u00fcler sowie solche, die es immer bleiben werden, zu Smartphone-Junkies zu machen.<br>Aber all das gilt als \u0084&#8220;alternativlos&#8220;\u0093. Und ja, es w\u00e4re wirklich hochkompliziert, aus dem Wachstumsirrsinn auszuscheren, vielleicht m\u00fcsste Elon Musk sogar auf Teile seiner Billion Dollar verzichten, vielleicht m\u00fcssten die Geissens dieser Welt am Ende noch ihre Yacht und ihren Privatjet verschrotten. Unvorstellbar! Aber nur \u0084&#8220;Die B\u00f6sen da oben&#8220;\u0093 w\u00e4re zu einfach. Auch &#8222;Wir Guten hier unten&#8220;\u0093, wenigstens jene von uns, denen es (trotz st\u00e4ndigen Gejammers) zumindest materiell prima geht, m\u00f6gen auf keinen Millimeter \u0084&#8220;Wohlstand&#8220;\u0093 verzichten, klammern sich mit Klauen und Z\u00e4hnen an ihm fest. Auf \u0091ne Kreuzfahrt oder Urlaubsfl\u00fcge auf die S\u00fcdlichen H\u00e4mmhorroiden verzichten? So weit kommt\u0092s noch! Da fahren wir doch lieber in unserem sch\u00f6nen neuen SUV mit Vollgas gegen die Wand. Es f\u00fchlt sich so an, als s\u00e4\u00dfen wir Kronen der Ersch\u00f6pfung in einem riesigen Schlauchboot, das ein irreparables Loch hat. Wir h\u00e4tten nur noch die Chance, an Land zu kommen, w\u00fcrfen wir Ballast ab. Und viele im Boot haben die Taschen voller Goldbarren. Aber die \u00fcber Bord? Dann lieber untergehen.<\/p>\n\n\n\n<p>Frohe Weihnachten, w\u00fcnscht Ihnen, Euch und sich<br><strong>Karl-Heinz Farni<\/strong><\/p>\n","protected":false},"excerpt":{"rendered":"<p>Liebe zero-Leser, Kipp-Punkte werden \u00fcberschritten.Korallenriffe sterben; mit ihnen Tausende Arten. Polkappen, Gletscherund Permafrostb\u00f6den schmelzen. Unwiederbringlich.&#8222;Natur&#8220;\u0093katastrophen werden zum Alltag. Inselstaaten ersaufen im Meer, w\u00e4hrend der zweitgr\u00f6\u00dfte Verursacher kurz vorm Abgrundnoch mal so richtig Gas gibt und den \u00d6lkonzernen \u0084&#8220;Drill, baby, drill!&#8220;\u0093 zukreischt. Das &#8222;1,5-Grad-Klimaziel&#8220;\u0093 (das Verheerung genuganrichten w\u00fcrde) ist l\u00e4ngst abgehakt. Man geht jetzt von 2,8 [&hellip;]<\/p>\n","protected":false},"author":1,"featured_media":0,"parent":0,"menu_order":0,"comment_status":"closed","ping_status":"closed","template":"","meta":{"footnotes":""},"class_list":["post-2727","page","type-page","status-publish","hentry"],"_links":{"self":[{"href":"https:\/\/zero-wendland.de\/index.php?rest_route=\/wp\/v2\/pages\/2727","targetHints":{"allow":["GET"]}}],"collection":[{"href":"https:\/\/zero-wendland.de\/index.php?rest_route=\/wp\/v2\/pages"}],"about":[{"href":"https:\/\/zero-wendland.de\/index.php?rest_route=\/wp\/v2\/types\/page"}],"author":[{"embeddable":true,"href":"https:\/\/zero-wendland.de\/index.php?rest_route=\/wp\/v2\/users\/1"}],"replies":[{"embeddable":true,"href":"https:\/\/zero-wendland.de\/index.php?rest_route=%2Fwp%2Fv2%2Fcomments&post=2727"}],"version-history":[{"count":3,"href":"https:\/\/zero-wendland.de\/index.php?rest_route=\/wp\/v2\/pages\/2727\/revisions"}],"predecessor-version":[{"id":2732,"href":"https:\/\/zero-wendland.de\/index.php?rest_route=\/wp\/v2\/pages\/2727\/revisions\/2732"}],"wp:attachment":[{"href":"https:\/\/zero-wendland.de\/index.php?rest_route=%2Fwp%2Fv2%2Fmedia&parent=2727"}],"curies":[{"name":"wp","href":"https:\/\/api.w.org\/{rel}","templated":true}]}}