{"id":53,"date":"2022-03-29T16:29:06","date_gmt":"2022-03-29T14:29:06","guid":{"rendered":"https:\/\/zero-wendland.de\/?page_id=53"},"modified":"2024-12-21T13:06:22","modified_gmt":"2024-12-21T12:06:22","slug":"klein-az-vordruck","status":"publish","type":"page","link":"https:\/\/zero-wendland.de\/?page_id=53","title":{"rendered":"kleinAnzeigen"},"content":{"rendered":"\n<p>Kleinanzeigen &#8211; Wie lang? Was kostet es? W<strong>ohin senden?<\/strong><\/p>\n\n\n\n<p class=\"has-primary-color has-text-color has-link-color wp-elements-56935f1ceb64e9813f215ab67160f8f6\">Eine Kleinanzeige besteht nuir aus Flie\u00dftext. Es gibt keine Korrekturabz\u00fcge, keine Fotos oder Grafiken, keine Hervorhebungen, keine Gew\u00e4hr, keine Plazierung, keine Rabatte. Unter www.zero-wendland.de finden Sie Vordrucke zum Download, die Sie ausf\u00fcllen und per Post an uns schicken k\u00f6nnen.<br>Eine private Kleinanzeige kostet zwei na\u00df- oder selbstklebende <strong>180<\/strong>-Cent-Briefmarken.<br>Keine anderen. L\u00e4nge max. 150 Zeichen (= 5 Zeilen \u00e1 30 Zeichen).<br>\u201eLiebe u. \u00e4.\u201e-Anzeigen d\u00fcrfen 10 Zeilen lang werden und kosten vier na\u00df-\/selbstklebende <strong>180<\/strong>-Cent-Briefmarken. Keine anderen. Immer die Telefonnummer (Festnetz) f\u00fcr R\u00fcckfragen angeben.<br>Chiffre-Anzeigen kosten 10 Euro.<br>Vordrucke f\u00fcr Kleinanzeigen gibt es am Ende zum Herunterladen.<br>Gewerbliche Kleinanzeigen (incl. Immobilienangebote und Vermietungen) kosten je Zeile 2 Euro. Bis zu 300 Zeichen (10 Zeilen zu 30 Zeichen) sind m\u00f6glich.<br><br><strong>Bezahlen gewerblicher Kleinanzeigen<\/strong><br>Ab 20 Euro stellen wir auf Wunsch eine Rechnung. Sammel- oder \u201eQuartals\u201e-Rechnungen sind nach Absprache m\u00f6glich. Bis 20 Euro k\u00f6nnen Sie uns den Betrag in na\u00df- oder selbstklebenden <strong>180<\/strong>&#8211; Cent-Briefmarken senden. Bitte keine anderen. Sie haben die Porto-Quittung als Beleg.<br>Abbuchen ist bei Betr\u00e4gen \u00fcber 30 Euro m\u00f6glich, wenn uns eine IBAN\/BIC-Bankkonten-Erm\u00e4chtigung erteilt wird. R\u00fccklastschriften kosten 5 Euro extra.<br>Kleinanzeigen aufgeben geht nur per Post! (wegen der Briefmarken) an<br>Karl-Heinz Farni, Am Anger 9, 29487 Luckau<br>Ausnahmen nur bei Rechnungskunden. Dann geht es auch per E-Mail: <a href=\"mailto:kleinanzeigen@zero-wendland.de\" data-type=\"mailto\" data-id=\"mailto:kleinanzeigen@zero-wendland.de\">kleinanzeigen@zero-wendland.de<\/a><br>Fragen bitte ebenfalls an diese Adresse.<\/p>\n\n\n\n<p>Hier k\u00f6nnen sie sich einen Vordruck f\u00fcr die Kleinanzeigen als pdf herunterladen.<\/p>\n\n\n\n<div data-wp-interactive=\"core\/file\" class=\"wp-block-file\"><object data-wp-bind--hidden=\"!state.hasPdfPreview\" hidden class=\"wp-block-file__embed\" data=\"https:\/\/zero-wendland.de\/wp-content\/uploads\/2024\/12\/KleinanzeigenPrivat_25.pdf\" type=\"application\/pdf\" style=\"width:100%;height:600px\" aria-label=\"Einbettung von KleinanzeigenPrivat_25.\"><\/object><a id=\"wp-block-file--media-860d8185-3261-40e8-8a2a-81f2d92fbedf\" href=\"https:\/\/zero-wendland.de\/wp-content\/uploads\/2024\/12\/KleinanzeigenPrivat_25.pdf\">KleinanzeigenPrivat_25<\/a><a href=\"https:\/\/zero-wendland.de\/wp-content\/uploads\/2024\/12\/KleinanzeigenPrivat_25.pdf\" class=\"wp-block-file__button wp-element-button\" download aria-describedby=\"wp-block-file--media-860d8185-3261-40e8-8a2a-81f2d92fbedf\">Herunterladen<\/a><\/div>\n\n\n\n\n\n<div data-wp-interactive=\"core\/file\" class=\"wp-block-file\"><object data-wp-bind--hidden=\"!state.hasPdfPreview\" hidden class=\"wp-block-file__embed\" data=\"https:\/\/zero-wendland.de\/wp-content\/uploads\/2024\/12\/kleinAZ_gewerblich.pdf\" type=\"application\/pdf\" style=\"width:100%;height:600px\" aria-label=\"Einbettung von kleinAZ_gewerblich.\"><\/object><a id=\"wp-block-file--media-66e68d81-d7a0-4743-a6d7-09db433dbab0\" href=\"https:\/\/zero-wendland.de\/wp-content\/uploads\/2024\/12\/kleinAZ_gewerblich.pdf\">kleinAZ_gewerblich<\/a><a href=\"https:\/\/zero-wendland.de\/wp-content\/uploads\/2024\/12\/kleinAZ_gewerblich.pdf\" class=\"wp-block-file__button wp-element-button\" download aria-describedby=\"wp-block-file--media-66e68d81-d7a0-4743-a6d7-09db433dbab0\">Herunterladen<\/a><\/div>\n\n\n\n<p><img decoding=\"async\" class=\"wp-image-72\" style=\"width: NaNpx;\" src=\"https:\/\/zero-wendland.de\/wp-content\/uploads\/2022\/04\/KleinanzeigenZumVersenden.pdf\" alt=\"\"><\/p>\n","protected":false},"excerpt":{"rendered":"<p>Kleinanzeigen &#8211; Wie lang? Was kostet es? Wohin senden? Eine Kleinanzeige besteht nuir aus Flie\u00dftext. Es gibt keine Korrekturabz\u00fcge, keine Fotos oder Grafiken, keine Hervorhebungen, keine Gew\u00e4hr, keine Plazierung, keine Rabatte. Unter www.zero-wendland.de finden Sie Vordrucke zum Download, die Sie ausf\u00fcllen und per Post an uns schicken k\u00f6nnen.Eine private Kleinanzeige kostet zwei na\u00df- oder selbstklebende [&hellip;]<\/p>\n","protected":false},"author":1,"featured_media":0,"parent":0,"menu_order":0,"comment_status":"closed","ping_status":"closed","template":"","meta":{"footnotes":""},"class_list":["post-53","page","type-page","status-publish","hentry"],"_links":{"self":[{"href":"https:\/\/zero-wendland.de\/index.php?rest_route=\/wp\/v2\/pages\/53","targetHints":{"allow":["GET"]}}],"collection":[{"href":"https:\/\/zero-wendland.de\/index.php?rest_route=\/wp\/v2\/pages"}],"about":[{"href":"https:\/\/zero-wendland.de\/index.php?rest_route=\/wp\/v2\/types\/page"}],"author":[{"embeddable":true,"href":"https:\/\/zero-wendland.de\/index.php?rest_route=\/wp\/v2\/users\/1"}],"replies":[{"embeddable":true,"href":"https:\/\/zero-wendland.de\/index.php?rest_route=%2Fwp%2Fv2%2Fcomments&post=53"}],"version-history":[{"count":27,"href":"https:\/\/zero-wendland.de\/index.php?rest_route=\/wp\/v2\/pages\/53\/revisions"}],"predecessor-version":[{"id":2042,"href":"https:\/\/zero-wendland.de\/index.php?rest_route=\/wp\/v2\/pages\/53\/revisions\/2042"}],"wp:attachment":[{"href":"https:\/\/zero-wendland.de\/index.php?rest_route=%2Fwp%2Fv2%2Fmedia&parent=53"}],"curies":[{"name":"wp","href":"https:\/\/api.w.org\/{rel}","templated":true}]}}